{"id":4213549,"date":"2025-08-11T06:21:01","date_gmt":"2025-08-11T06:21:01","guid":{"rendered":"https:\/\/robert.tresdigital.com.mx\/?page_id=4213549"},"modified":"2025-08-15T19:20:07","modified_gmt":"2025-08-15T19:20:07","slug":"the-anglo-foundation","status":"publish","type":"page","link":"https:\/\/robert.tresdigital.com.mx\/","title":{"rendered":"The Anglo Foundation"},"content":{"rendered":"<p>[et_pb_section fb_built=\u00bb1&#8243; fullwidth=\u00bbon\u00bb _builder_version=\u00bb4.27.4&#8243; _module_preset=\u00bbdefault\u00bb min_height=\u00bb75vh\u00bb min_height_tablet=\u00bb75vh\u00bb min_height_phone=\u00bb75vh\u00bb min_height_last_edited=\u00bbon|phone\u00bb height=\u00bb75vh\u00bb height_tablet=\u00bb75vh\u00bb height_phone=\u00bb\u00bb height_last_edited=\u00bbon|phone\u00bb global_colors_info=\u00bb{}\u00bb][et_pb_fullwidth_slider _builder_version=\u00bb4.27.4&#8243; _module_preset=\u00bbdefault\u00bb header_level=\u00bbh1&#8243; header_text_color=\u00bb#B39B5D\u00bb body_text_color=\u00bb#B39B5D\u00bb min_height=\u00bb75vh\u00bb min_height_tablet=\u00bb75vh\u00bb min_height_phone=\u00bb\u00bb min_height_last_edited=\u00bbon|phone\u00bb custom_padding=\u00bb360px||472px|||\u00bb custom_padding_tablet=\u00bb360px||472px|||\u00bb custom_padding_phone=\u00bb250px||250px||false|false\u00bb custom_padding_last_edited=\u00bbon|phone\u00bb global_colors_info=\u00bb{}\u00bb transform_styles__hover_enabled=\u00bbon|desktop\u00bb transform_scale__hover_enabled=\u00bbon|desktop\u00bb transform_translate__hover_enabled=\u00bbon|desktop\u00bb transform_rotate__hover_enabled=\u00bbon|desktop\u00bb transform_skew__hover_enabled=\u00bbon|desktop\u00bb transform_origin__hover_enabled=\u00bbon|desktop\u00bb][et_pb_slide image_tablet=\u00bb\u00bb image_phone=\u00bb\u00bb image_last_edited=\u00bbon|phone\u00bb content_tablet=\u00bb<\/p>\n<p><strong>80 a\u00f1os <span style=%22color: #ffffff;%22>conectando<br \/><\/span><\/strong><strong>     culturas<\/strong><\/p>\n<p>\u00bb content_phone=\u00bb<\/p>\n<p><strong>80 a\u00f1os <span style=%22color: #ffffff;%22>conectando<br \/><\/span><\/strong><strong>     culturas<\/strong><\/p>\n<p>\u00bb content_last_edited=\u00bbon|phone\u00bb _builder_version=\u00bb4.27.4&#8243; _module_preset=\u00bbdefault\u00bb header_font=\u00bbRaleway||||||||\u00bb header_text_color=\u00bb#FFB81C\u00bb body_font=\u00bbRaleway|700||on|||||\u00bb body_text_color=\u00bb#B39B5D\u00bb body_font_size=\u00bb48px\u00bb body_line_height=\u00bb1.2em\u00bb background_image=\u00bbhttps:\/\/robert.tresdigital.com.mx\/wp-content\/uploads\/2025\/08\/the_anglo_home_image_12.jpg\u00bb background_enable_image=\u00bbon\u00bb text_orientation=\u00bbleft\u00bb max_width=\u00bb100%\u00bb body_font_size_tablet=\u00bb48px\u00bb body_font_size_phone=\u00bb24px\u00bb body_font_size_last_edited=\u00bbon|phone\u00bb background_color_phone=\u00bb#01216A\u00bb background_last_edited=\u00bbon|phone\u00bb background_enable_color_phone=\u00bbon\u00bb background_enable_image_phone=\u00bboff\u00bb global_colors_info=\u00bb{}\u00bb sticky_transition=\u00bbon\u00bb]<\/p>\n<p><strong>80 a\u00f1os <span style=\"color: #ffffff;\">conectando<br \/><\/span><\/strong><strong>\u00a0 \u00a0 \u00a0culturas<\/strong><\/p>\n<p>[\/et_pb_slide][et_pb_slide _builder_version=\u00bb4.27.4&#8243; _module_preset=\u00bbdefault\u00bb header_font=\u00bbRaleway||||||||\u00bb header_text_color=\u00bb#FFB81C\u00bb body_font=\u00bbRaleway|700||on|||||\u00bb body_text_color=\u00bb#B39B5D\u00bb body_font_size=\u00bb48px\u00bb body_line_height=\u00bb1.2em\u00bb background_color=\u00bb#01216A\u00bb background_enable_color=\u00bbon\u00bb background_image=\u00bbhttps:\/\/robert.tresdigital.com.mx\/wp-content\/uploads\/2025\/08\/the_anglo_home_image_13.jpg\u00bb background_enable_image=\u00bbon\u00bb text_orientation=\u00bbleft\u00bb max_width=\u00bb100%\u00bb body_font_size_tablet=\u00bb48px\u00bb body_font_size_phone=\u00bb24px\u00bb body_font_size_last_edited=\u00bbon|phone\u00bb background_last_edited=\u00bbon|phone\u00bb background_enable_image_phone=\u00bboff\u00bb global_colors_info=\u00bb{}\u00bb transform_styles__hover_enabled=\u00bboff|desktop\u00bb transform_scale__hover_enabled=\u00bboff|desktop\u00bb transform_translate__hover_enabled=\u00bboff|desktop\u00bb transform_rotate__hover_enabled=\u00bboff|desktop\u00bb transform_skew__hover_enabled=\u00bboff|desktop\u00bb transform_origin__hover_enabled=\u00bboff|desktop\u00bb sticky_transition=\u00bbon\u00bb]<\/p>\n<p><b>PREPARAMOS <span style=\"color: #ffffff;\">AGENTES<\/span><br \/><\/b><b>\u00a0 \u00a0DE CAMBIO <span style=\"color: #ffffff;\">PROFESIONALES<\/span><\/b><\/p>\n<p>[\/et_pb_slide][et_pb_slide _builder_version=\u00bb4.27.4&#8243; _module_preset=\u00bbdefault\u00bb header_font=\u00bbRaleway||||||||\u00bb header_text_color=\u00bb#FFB81C\u00bb body_font=\u00bbRaleway|700||on|||||\u00bb body_text_color=\u00bb#B39B5D\u00bb body_font_size=\u00bb48px\u00bb body_line_height=\u00bb1.2em\u00bb background_color=\u00bb#01216A\u00bb background_enable_color=\u00bbon\u00bb background_image=\u00bbhttps:\/\/robert.tresdigital.com.mx\/wp-content\/uploads\/2025\/08\/the_anglo_home_image_01.jpg\u00bb background_enable_image=\u00bbon\u00bb text_orientation=\u00bbleft\u00bb max_width=\u00bb100%\u00bb body_font_size_tablet=\u00bb48px\u00bb body_font_size_phone=\u00bb24px\u00bb body_font_size_last_edited=\u00bbon|phone\u00bb background_last_edited=\u00bbon|desktop\u00bb background_enable_image_phone=\u00bboff\u00bb global_colors_info=\u00bb{}\u00bb sticky_transition=\u00bbon\u00bb]<\/p>\n<p><b>TRANSFORMING <span style=\"color: #ffffff;\">LIVES. \u00a0<br \/><\/span><\/b><b>\u00a0 \u00a0 THROUGH <span style=\"color: #ffffff;\">EDUCATION\u00ae<\/span><\/b><\/p>\n<p>[\/et_pb_slide][\/et_pb_fullwidth_slider][\/et_pb_section][et_pb_section fb_built=\u00bb1&#8243; _builder_version=\u00bb4.27.4&#8243; _module_preset=\u00bbdefault\u00bb global_colors_info=\u00bb{}\u00bb][et_pb_row column_structure=\u00bb1_3,1_3,1_3&#8243; _builder_version=\u00bb4.27.4&#8243; _module_preset=\u00bbdefault\u00bb global_colors_info=\u00bb{}\u00bb][et_pb_column type=\u00bb1_3&#8243; _builder_version=\u00bb4.27.4&#8243; _module_preset=\u00bbdefault\u00bb global_colors_info=\u00bb{}\u00bb][et_pb_text _builder_version=\u00bb4.27.4&#8243; _module_preset=\u00bbdefault\u00bb header_font=\u00bb|600||on|||||\u00bb header_text_align=\u00bbright\u00bb header_text_color=\u00bb#01216A\u00bb header_font_size=\u00bb44px\u00bb min_height=\u00bb10px\u00bb custom_margin=\u00bb97px|||||\u00bb custom_margin_tablet=\u00bb97px|||||\u00bb custom_margin_phone=\u00bb-21px||||false|false\u00bb custom_margin_last_edited=\u00bbon|phone\u00bb global_colors_info=\u00bb{}\u00bb]<\/p>\n<h1>Unidades Acad\u00e9micas<\/h1>\n<p>[\/et_pb_text][\/et_pb_column][et_pb_column type=\u00bb1_3&#8243; _builder_version=\u00bb4.27.4&#8243; _module_preset=\u00bbdefault\u00bb global_colors_info=\u00bb{}\u00bb][et_pb_image src=\u00bbhttps:\/\/robert.tresdigital.com.mx\/wp-content\/uploads\/2025\/08\/the_anglo_home_image_02.jpg\u00bb title_text=\u00bbthe_anglo_home_image_02&#8243; _builder_version=\u00bb4.27.4&#8243; _module_preset=\u00bbdefault\u00bb global_colors_info=\u00bb{}\u00bb transform_styles__hover_enabled=\u00bbon|desktop\u00bb transform_scale__hover_enabled=\u00bbon|desktop\u00bb transform_translate__hover_enabled=\u00bbon|desktop\u00bb transform_rotate__hover_enabled=\u00bbon|desktop\u00bb transform_skew__hover_enabled=\u00bbon|desktop\u00bb transform_origin__hover_enabled=\u00bbon|desktop\u00bb transform_scale__hover=\u00bb112%|112%\u00bb][\/et_pb_image][\/et_pb_column][et_pb_column type=\u00bb1_3&#8243; _builder_version=\u00bb4.27.4&#8243; _module_preset=\u00bbdefault\u00bb global_colors_info=\u00bb{}\u00bb][et_pb_image src=\u00bbhttps:\/\/robert.tresdigital.com.mx\/wp-content\/uploads\/2025\/08\/the_anglo_home_image_03.jpg\u00bb title_text=\u00bbthe_anglo_home_image_03&#8243; _builder_version=\u00bb4.27.4&#8243; _module_preset=\u00bbdefault\u00bb global_colors_info=\u00bb{}\u00bb][\/et_pb_image][\/et_pb_column][\/et_pb_row][et_pb_row column_structure=\u00bb1_3,1_3,1_3&#8243; _builder_version=\u00bb4.27.4&#8243; _module_preset=\u00bbdefault\u00bb global_colors_info=\u00bb{}\u00bb][et_pb_column type=\u00bb1_3&#8243; _builder_version=\u00bb4.27.4&#8243; _module_preset=\u00bbdefault\u00bb global_colors_info=\u00bb{}\u00bb][et_pb_image src=\u00bbhttps:\/\/robert.tresdigital.com.mx\/wp-content\/uploads\/2025\/08\/the_anglo_home_image_04.jpg\u00bb title_text=\u00bbthe_anglo_home_image_04&#8243; _builder_version=\u00bb4.27.4&#8243; _module_preset=\u00bbdefault\u00bb global_colors_info=\u00bb{}\u00bb transform_styles__hover_enabled=\u00bbon|desktop\u00bb transform_scale__hover_enabled=\u00bbon|desktop\u00bb transform_translate__hover_enabled=\u00bbon|desktop\u00bb transform_rotate__hover_enabled=\u00bbon|desktop\u00bb transform_skew__hover_enabled=\u00bbon|desktop\u00bb transform_origin__hover_enabled=\u00bbon|desktop\u00bb transform_scale__hover=\u00bb112%|112%\u00bb][\/et_pb_image][\/et_pb_column][et_pb_column type=\u00bb1_3&#8243; _builder_version=\u00bb4.27.4&#8243; _module_preset=\u00bbdefault\u00bb global_colors_info=\u00bb{}\u00bb][et_pb_image src=\u00bbhttps:\/\/robert.tresdigital.com.mx\/wp-content\/uploads\/2025\/08\/the_anglo_home_image_05.jpg\u00bb title_text=\u00bbthe_anglo_home_image_05&#8243; _builder_version=\u00bb4.27.4&#8243; _module_preset=\u00bbdefault\u00bb global_colors_info=\u00bb{}\u00bb transform_styles__hover_enabled=\u00bbon|desktop\u00bb transform_scale__hover_enabled=\u00bbon|desktop\u00bb transform_translate__hover_enabled=\u00bbon|desktop\u00bb transform_rotate__hover_enabled=\u00bbon|desktop\u00bb transform_skew__hover_enabled=\u00bbon|desktop\u00bb transform_origin__hover_enabled=\u00bbon|desktop\u00bb transform_scale__hover=\u00bb112%|112%\u00bb][\/et_pb_image][\/et_pb_column][et_pb_column type=\u00bb1_3&#8243; _builder_version=\u00bb4.27.4&#8243; _module_preset=\u00bbdefault\u00bb global_colors_info=\u00bb{}\u00bb][et_pb_image src=\u00bbhttps:\/\/robert.tresdigital.com.mx\/wp-content\/uploads\/2025\/08\/the_anglo_home_image_06.jpg\u00bb title_text=\u00bbthe_anglo_home_image_06&#8243; _builder_version=\u00bb4.27.4&#8243; _module_preset=\u00bbdefault\u00bb global_colors_info=\u00bb{}\u00bb][\/et_pb_image][\/et_pb_column][\/et_pb_row][\/et_pb_section][et_pb_section fb_built=\u00bb1&#8243; _builder_version=\u00bb4.27.4&#8243; _module_preset=\u00bbdefault\u00bb background_color=\u00bb#01216A\u00bb global_colors_info=\u00bb{}\u00bb][et_pb_row _builder_version=\u00bb4.27.4&#8243; _module_preset=\u00bbdefault\u00bb global_colors_info=\u00bb{}\u00bb][et_pb_column type=\u00bb4_4&#8243; _builder_version=\u00bb4.27.4&#8243; _module_preset=\u00bbdefault\u00bb global_colors_info=\u00bb{}\u00bb][et_pb_text _builder_version=\u00bb4.27.4&#8243; _module_preset=\u00bbdefault\u00bb header_font=\u00bb|600||on|||||\u00bb header_text_align=\u00bbright\u00bb header_text_color=\u00bb#FFB81C\u00bb header_font_size=\u00bb44px\u00bb header_2_font=\u00bb&#8211;et_global_body_font||||||||\u00bb header_2_text_color=\u00bb#B39B5D\u00bb header_2_font_size=\u00bb43px\u00bb header_2_font_size_tablet=\u00bb43px\u00bb header_2_font_size_phone=\u00bb22px\u00bb header_2_font_size_last_edited=\u00bbon|phone\u00bb global_colors_info=\u00bb{}\u00bb]<\/p>\n<div class=\"container-fluid xd_bg_color_02\">\n<div class=\"container row bg-transparent\">\n<div class=\"col-md-10 col-sm-12 py-100 py-40-sm bg-transparent\">\n<h2 class=\"xd_title_big xd_text_color_03 text-uppercase mt-40 animated fadeInDown visible\" data-animation=\"fadeInDown\" data-animation-delay=\"800\">SOMOS EL ENLACE ENTRE LA EDUCACI\u00d3N Y EL DESPERTAR, ENTRE LA CULTURA Y LA INSPIRACI\u00d3N, ENTRE LA COLABORACI\u00d3N Y LA EXCELENCIA&#8230;<\/h2>\n<\/div>\n<\/div>\n<\/div>\n<div class=\"container-fluid\">\n<div class=\"container row bg-transparent\">\n<h2 class=\"col-md-10 col-sm-12 py-20 py-2-sm bg-transparent\"><\/h2>\n<\/div>\n<\/div>\n<p>[\/et_pb_text][\/et_pb_column][\/et_pb_row][\/et_pb_section][et_pb_section fb_built=\u00bb1&#8243; _builder_version=\u00bb4.27.4&#8243; _module_preset=\u00bbdefault\u00bb global_colors_info=\u00bb{}\u00bb][et_pb_row column_structure=\u00bb1_2,1_2&#8243; _builder_version=\u00bb4.27.4&#8243; _module_preset=\u00bbdefault\u00bb global_colors_info=\u00bb{}\u00bb][et_pb_column type=\u00bb1_2&#8243; _builder_version=\u00bb4.27.4&#8243; _module_preset=\u00bbdefault\u00bb global_colors_info=\u00bb{}\u00bb][et_pb_text _builder_version=\u00bb4.27.4&#8243; _module_preset=\u00bbdefault\u00bb header_font=\u00bbRaleway|600||on|||||\u00bb header_text_align=\u00bbright\u00bb header_text_color=\u00bb#01216A\u00bb header_font_size=\u00bb44px\u00bb global_colors_info=\u00bb{}\u00bb]<\/p>\n<h1 style=\"text-align: left;\">NUESTRAS CIFRAS<\/h1>\n<h1 style=\"text-align: left;\">2022<\/h1>\n<p style=\"text-align: left;\">[\/et_pb_text][et_pb_number_counter title=\u00bbINVERSI\u00d3N EN IMPACTO SOCIAL\u00bb number=\u00bb53.22 MDP\u00bb percent_sign=\u00bboff\u00bb _builder_version=\u00bb4.27.4&#8243; _module_preset=\u00bbdefault\u00bb title_text_color=\u00bb#B39B5D\u00bb title_font_size=\u00bb46px\u00bb number_font=\u00bb&#8211;et_global_body_font|700|||||||\u00bb number_text_color=\u00bb#B39B5D\u00bb number_font_size=\u00bb66px\u00bb text_orientation=\u00bbright\u00bb title_font_size_tablet=\u00bb46px\u00bb title_font_size_phone=\u00bb22px\u00bb title_font_size_last_edited=\u00bbon|phone\u00bb number_font_size_tablet=\u00bb66px\u00bb number_font_size_phone=\u00bb45px\u00bb number_font_size_last_edited=\u00bbon|phone\u00bb global_colors_info=\u00bb{}\u00bb][\/et_pb_number_counter][et_pb_text _builder_version=\u00bb4.27.4&#8243; _module_preset=\u00bbdefault\u00bb header_font=\u00bb|600||on|||||\u00bb header_text_align=\u00bbright\u00bb header_text_color=\u00bb#0033A0&#8243; header_font_size=\u00bb44px\u00bb header_3_text_align=\u00bbright\u00bb header_3_text_color=\u00bb#B39B5D\u00bb header_3_letter_spacing=\u00bb2px\u00bb header_3_line_height=\u00bb1.2em\u00bb global_colors_info=\u00bb{}\u00bb]<\/p>\n<h3>Instrumentos de<br \/>impacto social<\/h3>\n<h3>Programas y becas clave<\/h3>\n<h3>Arte, cultura y biblioteca<\/h3>\n<p>[\/et_pb_text][\/et_pb_column][et_pb_column type=\u00bb1_2&#8243; _builder_version=\u00bb4.27.4&#8243; _module_preset=\u00bbdefault\u00bb global_colors_info=\u00bb{}\u00bb][et_pb_image src=\u00bbhttps:\/\/robert.tresdigital.com.mx\/wp-content\/uploads\/2025\/08\/anglo_home_hero_woman.png\u00bb title_text=\u00bbanglo_home_hero_woman\u00bb _builder_version=\u00bb4.27.4&#8243; _module_preset=\u00bbdefault\u00bb global_colors_info=\u00bb{}\u00bb][\/et_pb_image][\/et_pb_column][\/et_pb_row][et_pb_row _builder_version=\u00bb4.27.4&#8243; _module_preset=\u00bbdefault\u00bb global_colors_info=\u00bb{}\u00bb][et_pb_column type=\u00bb4_4&#8243; _builder_version=\u00bb4.27.4&#8243; _module_preset=\u00bbdefault\u00bb global_colors_info=\u00bb{}\u00bb][et_pb_number_counter title=\u00bbBENEFICIADOS\u00bb number=\u00bb33,542&#8243; percent_sign=\u00bboff\u00bb _builder_version=\u00bb4.27.4&#8243; _module_preset=\u00bbdefault\u00bb title_text_color=\u00bb#B39B5D\u00bb title_font_size=\u00bb46px\u00bb number_font=\u00bb&#8211;et_global_body_font|700|||||||\u00bb number_text_color=\u00bb#B39B5D\u00bb number_font_size=\u00bb66px\u00bb text_orientation=\u00bbright\u00bb title_font_size_tablet=\u00bb46px\u00bb title_font_size_phone=\u00bb22px\u00bb title_font_size_last_edited=\u00bbon|phone\u00bb number_font_size_tablet=\u00bb66px\u00bb number_font_size_phone=\u00bb45px\u00bb number_font_size_last_edited=\u00bbon|phone\u00bb global_colors_info=\u00bb{}\u00bb][\/et_pb_number_counter][\/et_pb_column][\/et_pb_row][et_pb_row column_structure=\u00bb3_4,1_4&#8243; _builder_version=\u00bb4.27.4&#8243; _module_preset=\u00bbdefault\u00bb background_color=\u00bb#01216A\u00bb background_image=\u00bbhttps:\/\/robert.tresdigital.com.mx\/wp-content\/uploads\/2025\/08\/the_anglo_home_image_11.jpg.png\u00bb background_size=\u00bbcontain\u00bb background_position=\u00bbbottom_right\u00bb max_width=\u00bb80%\u00bb custom_padding=\u00bb5%|5%|5%|5%|false|false\u00bb global_colors_info=\u00bb{}\u00bb][et_pb_column type=\u00bb3_4&#8243; _builder_version=\u00bb4.27.4&#8243; _module_preset=\u00bbdefault\u00bb global_colors_info=\u00bb{}\u00bb][et_pb_text _builder_version=\u00bb4.27.4&#8243; _module_preset=\u00bbdefault\u00bb text_text_color=\u00bb#ffffff\u00bb link_text_color=\u00bb#B39B5D\u00bb header_font=\u00bb|600||on|||||\u00bb header_text_align=\u00bbleft\u00bb header_text_color=\u00bb#ffffff\u00bb header_font_size=\u00bb44px\u00bb header_2_font=\u00bb|300|||||||\u00bb header_2_text_color=\u00bb#ffffff\u00bb header_2_font_size=\u00bb19px\u00bb header_3_font=\u00bb|300|||||||\u00bb global_colors_info=\u00bb{}\u00bb]<\/p>\n<h1 class=\"xd_title_big fw-600 xd_text_color_01 text-uppercase mt-40 animated fadeInDown visible\" data-animation=\"fadeInDown\" data-animation-delay=\"800\">NUESTRO IMPACTO<\/h1>\n<h2 class=\"xd_paragraph xd_text_color_01 mt-40 animated fadeInDown visible\" data-animation=\"fadeInDown\" data-animation-delay=\"800\">Ofrecemos apoyos para estudiantes, maestros y artistas que demuestren talento y compromiso con su desarrollo. Puedes acceder a ellos al formar parte de alguna de nuestras escuelas. Tambi\u00e9n puedes inscribirte en alguna de las competencias o programas de The Anglo Arts &amp; Culture, nuestra \u00e1rea de arte y cultura.<\/h2>\n<h2 class=\"xd_paragraph xd_text_color_01 mt-40 animated fadeInDown visible\" data-animation=\"fadeInDown\" data-animation-delay=\"800\"><\/h2>\n<h2 class=\"xd_paragraph xd_text_color_01 mt-40 animated fadeInDown visible\" data-animation=\"fadeInDown\" data-animation-delay=\"800\">Nos aliamos con las m\u00e1s importantes instituciones culturales y educativas nacionales y brit\u00e1nicas para fortalecer cada beca y programa clave.<\/h2>\n<p>&nbsp;<\/p>\n<h2 class=\"xd_paragraph xd_text_color_01 mt-40 animated fadeInDown visible\" data-animation=\"fadeInDown\" data-animation-delay=\"800\"><strong><a href=\"https:\/\/www.theanglofoundation.org.mx\/nuestro-impacto#programas-clave\" class=\"xd_h3 fw-600 xd_text_color_03 text-uppercase xd_focus_visible xd_transform\">PROGRAMAS CLAVE<\/a><\/strong><\/h2>\n<p>[\/et_pb_text][\/et_pb_column][et_pb_column type=\u00bb1_4&#8243; _builder_version=\u00bb4.27.4&#8243; _module_preset=\u00bbdefault\u00bb global_colors_info=\u00bb{}\u00bb][\/et_pb_column][\/et_pb_row][\/et_pb_section]<\/p>\n","protected":false},"excerpt":{"rendered":"<p>80 a\u00f1os conectando\u00a0 \u00a0 \u00a0culturasPREPARAMOS AGENTES\u00a0 \u00a0DE CAMBIO PROFESIONALESTRANSFORMING LIVES. \u00a0\u00a0 \u00a0 THROUGH EDUCATION\u00aeUnidades Acad\u00e9micas SOMOS EL ENLACE ENTRE LA EDUCACI\u00d3N Y EL DESPERTAR, ENTRE LA CULTURA Y LA INSPIRACI\u00d3N, ENTRE LA COLABORACI\u00d3N Y LA EXCELENCIA&#8230; NUESTRAS CIFRAS 2022 Instrumentos deimpacto social Programas y becas clave Arte, cultura y bibliotecaNUESTRO IMPACTO Ofrecemos apoyos para estudiantes, [&hellip;]<\/p>\n","protected":false},"author":1,"featured_media":0,"parent":0,"menu_order":0,"comment_status":"closed","ping_status":"closed","template":"","meta":{"_et_pb_use_builder":"on","_et_pb_old_content":"","_et_gb_content_width":"","footnotes":""},"class_list":["post-4213549","page","type-page","status-publish","hentry"],"_links":{"self":[{"href":"https:\/\/robert.tresdigital.com.mx\/index.php\/wp-json\/wp\/v2\/pages\/4213549","targetHints":{"allow":["GET"]}}],"collection":[{"href":"https:\/\/robert.tresdigital.com.mx\/index.php\/wp-json\/wp\/v2\/pages"}],"about":[{"href":"https:\/\/robert.tresdigital.com.mx\/index.php\/wp-json\/wp\/v2\/types\/page"}],"author":[{"embeddable":true,"href":"https:\/\/robert.tresdigital.com.mx\/index.php\/wp-json\/wp\/v2\/users\/1"}],"replies":[{"embeddable":true,"href":"https:\/\/robert.tresdigital.com.mx\/index.php\/wp-json\/wp\/v2\/comments?post=4213549"}],"version-history":[{"count":8,"href":"https:\/\/robert.tresdigital.com.mx\/index.php\/wp-json\/wp\/v2\/pages\/4213549\/revisions"}],"predecessor-version":[{"id":4213658,"href":"https:\/\/robert.tresdigital.com.mx\/index.php\/wp-json\/wp\/v2\/pages\/4213549\/revisions\/4213658"}],"wp:attachment":[{"href":"https:\/\/robert.tresdigital.com.mx\/index.php\/wp-json\/wp\/v2\/media?parent=4213549"}],"curies":[{"name":"wp","href":"https:\/\/api.w.org\/{rel}","templated":true}]}}